{"id":1380,"date":"2022-07-18T11:53:04","date_gmt":"2022-07-18T11:53:04","guid":{"rendered":"https:\/\/www.unser-weissensee.de\/?page_id=1380"},"modified":"2025-06-25T11:33:29","modified_gmt":"2025-06-25T11:33:29","slug":"ueber-uns","status":"publish","type":"page","link":"https:\/\/www.unser-weissensee.de\/index.php\/ueber-uns\/","title":{"rendered":"\u00dcber uns"},"content":{"rendered":"\n<p>Seit 30 Jahren ist der FreiZeitHaus Verein in Wei\u00dfensee aktiv. Heute geh\u00f6ren 9 Projekte\/Standorte zum Verein. Und wir sind immer noch mit dem gleichen Engagement in der Nachbarschaftsarbeit t\u00e4tig, sind Schnittstelle zwischen Nachbar:innen und Politik, bieten Raum und Unterst\u00fctzung f\u00fcr Initiativen und freuen uns \u00fcber jeden Menschen, der seinen Platz bei uns findet, sei es im KiezCaf\u00e9 bei Kaffee und Kuchen, im Yoga-Kurs, im ehrenamtlichen Engagement oder in einer der vielen Selbsthilfegruppen. <\/p>\n\n\n\n<p><\/p>\n\n\n\n<p>FreiZeitHaus e. V.<\/p>\n\n\n\n<p>G\u00e4blerstra\u00dfe 4<\/p>\n\n\n\n<p>13086 Berlin<\/p>\n\n\n\n<p><br><br><a href=\"https:\/\/www.frei-zeit-haus.de\/datenschutz.html\">Datenschutz<\/a><br><\/p>\n","protected":false},"excerpt":{"rendered":"<p>Seit 30 Jahren ist der FreiZeitHaus Verein in Wei\u00dfensee aktiv. Heute geh\u00f6ren 9 Projekte\/Standorte zum Verein. Und wir sind immer noch mit dem gleichen Engagement in der Nachbarschaftsarbeit t\u00e4tig, sind Schnittstelle zwischen Nachbar:innen und Politik, bieten Raum und Unterst\u00fctzung f\u00fcr [&hellip;]<\/p>\n","protected":false},"author":5,"featured_media":0,"parent":0,"menu_order":0,"comment_status":"closed","ping_status":"closed","template":"","meta":{"footnotes":""},"class_list":["post-1380","page","type-page","status-publish","hentry"],"_links":{"self":[{"href":"https:\/\/www.unser-weissensee.de\/index.php\/wp-json\/wp\/v2\/pages\/1380","targetHints":{"allow":["GET"]}}],"collection":[{"href":"https:\/\/www.unser-weissensee.de\/index.php\/wp-json\/wp\/v2\/pages"}],"about":[{"href":"https:\/\/www.unser-weissensee.de\/index.php\/wp-json\/wp\/v2\/types\/page"}],"author":[{"embeddable":true,"href":"https:\/\/www.unser-weissensee.de\/index.php\/wp-json\/wp\/v2\/users\/5"}],"replies":[{"embeddable":true,"href":"https:\/\/www.unser-weissensee.de\/index.php\/wp-json\/wp\/v2\/comments?post=1380"}],"version-history":[{"count":5,"href":"https:\/\/www.unser-weissensee.de\/index.php\/wp-json\/wp\/v2\/pages\/1380\/revisions"}],"predecessor-version":[{"id":3064,"href":"https:\/\/www.unser-weissensee.de\/index.php\/wp-json\/wp\/v2\/pages\/1380\/revisions\/3064"}],"wp:attachment":[{"href":"https:\/\/www.unser-weissensee.de\/index.php\/wp-json\/wp\/v2\/media?parent=1380"}],"curies":[{"name":"wp","href":"https:\/\/api.w.org\/{rel}","templated":true}]}}